{"id":335,"date":"2020-12-17T14:35:15","date_gmt":"2020-12-17T14:35:15","guid":{"rendered":"https:\/\/vargascancinoabogados.com\/web\/?page_id=335"},"modified":"2026-02-14T12:45:30","modified_gmt":"2026-02-14T12:45:30","slug":"publicaciones","status":"publish","type":"page","link":"https:\/\/vargascancinoabogados.com\/web\/publicaciones\/","title":{"rendered":"Publicaciones"},"content":{"rendered":"\t\t<div data-elementor-type=\"wp-page\" data-elementor-id=\"335\" class=\"elementor elementor-335\">\n\t\t\t\t\t\t<section class=\"elementor-section elementor-top-section elementor-element elementor-element-63801a7 elementor-section-height-min-height elementor-section-stretched elementor-section-full_width elementor-section-height-default elementor-section-items-middle\" data-id=\"63801a7\" data-element_type=\"section\" data-e-type=\"section\" data-settings=\"{&quot;stretch_section&quot;:&quot;section-stretched&quot;,&quot;background_background&quot;:&quot;classic&quot;}\">\n\t\t\t\t\t\t\t<div class=\"elementor-background-overlay\"><\/div>\n\t\t\t\t\t\t\t<div class=\"elementor-container elementor-column-gap-default\">\n\t\t\t\t\t<div class=\"elementor-column elementor-col-100 elementor-top-column elementor-element elementor-element-affcddf\" data-id=\"affcddf\" data-element_type=\"column\" data-e-type=\"column\">\n\t\t\t<div class=\"elementor-widget-wrap elementor-element-populated\">\n\t\t\t\t\t\t<div class=\"elementor-element elementor-element-eefdea8 elementor-arrows-position-inside elementor-widget elementor-widget-image-carousel\" data-id=\"eefdea8\" data-element_type=\"widget\" data-e-type=\"widget\" data-settings=\"{&quot;slides_to_show&quot;:&quot;1&quot;,&quot;navigation&quot;:&quot;arrows&quot;,&quot;autoplay&quot;:&quot;yes&quot;,&quot;pause_on_hover&quot;:&quot;yes&quot;,&quot;pause_on_interaction&quot;:&quot;yes&quot;,&quot;autoplay_speed&quot;:5000,&quot;infinite&quot;:&quot;yes&quot;,&quot;effect&quot;:&quot;slide&quot;,&quot;speed&quot;:500}\" data-widget_type=\"image-carousel.default\">\n\t\t\t\t<div class=\"elementor-widget-container\">\n\t\t\t\t\t\t\t<div class=\"elementor-image-carousel-wrapper swiper\" role=\"region\" aria-roledescription=\"carousel\" aria-label=\"Carrusel de im\u00e1genes\" dir=\"ltr\">\n\t\t\t<div class=\"elementor-image-carousel swiper-wrapper\" aria-live=\"off\">\n\t\t\t\t\t\t\t\t<div class=\"swiper-slide\" role=\"group\" aria-roledescription=\"slide\" aria-label=\"1 de 2\"><figure class=\"swiper-slide-inner\"><img decoding=\"async\" class=\"swiper-slide-image\" src=\"https:\/\/vargascancinoabogados.com\/web\/wp-content\/uploads\/elementor\/thumbs\/Bannerp1-oz249zmxhwocgc42uvu3tdxi8fowk6yk7u0hdzwfpw.jpg\" alt=\"Bannerp1\" \/><\/figure><\/div><div class=\"swiper-slide\" role=\"group\" aria-roledescription=\"slide\" aria-label=\"2 de 2\"><figure class=\"swiper-slide-inner\"><img decoding=\"async\" class=\"swiper-slide-image\" src=\"https:\/\/vargascancinoabogados.com\/web\/wp-content\/uploads\/elementor\/thumbs\/BannerDireccionTacna-p0ossgg7qa15ymkejm7sfte70amb9t1j6p3d9l45n8.png\" alt=\"BannerDireccionTacna\" \/><\/figure><\/div>\t\t\t<\/div>\n\t\t\t\t\t\t\t\t\t\t\t\t<div class=\"elementor-swiper-button elementor-swiper-button-prev\" role=\"button\" tabindex=\"0\">\n\t\t\t\t\t\t<i aria-hidden=\"true\" class=\"eicon-chevron-left\"><\/i>\t\t\t\t\t<\/div>\n\t\t\t\t\t<div class=\"elementor-swiper-button elementor-swiper-button-next\" role=\"button\" tabindex=\"0\">\n\t\t\t\t\t\t<i aria-hidden=\"true\" class=\"eicon-chevron-right\"><\/i>\t\t\t\t\t<\/div>\n\t\t\t\t\n\t\t\t\t\t\t\t\t\t<\/div>\n\t\t\t\t\t\t<\/div>\n\t\t\t\t<\/div>\n\t\t\t\t<div class=\"elementor-element elementor-element-60f693a elementor-widget-tablet__width-inherit elementor-widget elementor-widget-ekit-nav-menu\" data-id=\"60f693a\" data-element_type=\"widget\" data-e-type=\"widget\" data-widget_type=\"ekit-nav-menu.default\">\n\t\t\t\t<div class=\"elementor-widget-container\">\n\t\t\t\t\t\t\t<nav class=\"ekit-wid-con ekit_menu_responsive_mobile\"\n\t\t\tdata-hamburger-icon=\"fas fa-book\"\n\t\t\tdata-hamburger-icon-type=\"icon\"\n\t\t\tdata-responsive-breakpoint=\"767\">\n\t\t\t            <button class=\"elementskit-menu-hamburger elementskit-menu-toggler\"  type=\"button\" aria-label=\"hamburger-icon\">\n                <i aria-hidden=\"true\" class=\"ekit-menu-icon fas fa-book\"><\/i>            <\/button>\n            <div id=\"ekit-megamenu-menuprincipal\" class=\"elementskit-menu-container elementskit-menu-offcanvas-elements elementskit-navbar-nav-default ekit-nav-menu-one-page-yes ekit-nav-dropdown-hover\"><ul id=\"menu-menuprincipal\" class=\"elementskit-navbar-nav elementskit-menu-po-center submenu-click-on-icon\"><li id=\"menu-item-82\" class=\"menu-item menu-item-type-post_type menu-item-object-page menu-item-home menu-item-82 nav-item elementskit-mobile-builder-content\" data-vertical-menu=750px><a href=\"https:\/\/vargascancinoabogados.com\/web\/\" class=\"ekit-menu-nav-link\"><i class=\"icon before line-icon icon-home\" aria-hidden=\"true\" style=\"font-size:1.5em;\"><\/i><span class=\"menu-text\">Inicio<\/span><\/a><\/li>\n<li id=\"menu-item-210\" class=\"menu-item menu-item-type-custom menu-item-object-custom menu-item-has-children menu-item-210 nav-item elementskit-dropdown-has relative_position elementskit-dropdown-menu-default_width elementskit-mobile-builder-content\" data-vertical-menu=750px><a href=\"#\" class=\"ekit-menu-nav-link ekit-menu-dropdown-toggle\"><i class=\"icon before line-icon icon-grid\" aria-hidden=\"true\" style=\"font-size:1.5em;\"><\/i><span class=\"menu-text\">Nosotros<\/span><i aria-hidden=\"true\" class=\"icon icon-down-arrow1 elementskit-submenu-indicator\"><\/i><\/a>\n<ul class=\"elementskit-dropdown elementskit-submenu-panel\">\n\t<li id=\"menu-item-179\" class=\"menu-item menu-item-type-post_type menu-item-object-page menu-item-179 nav-item elementskit-mobile-builder-content\" data-vertical-menu=750px><a href=\"https:\/\/vargascancinoabogados.com\/web\/qsomos\/\" class=\" dropdown-item\">\u00bfQui\u00e9nes Somos?<\/a>\t<li id=\"menu-item-212\" class=\"menu-item menu-item-type-post_type menu-item-object-page menu-item-212 nav-item elementskit-mobile-builder-content\" data-vertical-menu=750px><a href=\"https:\/\/vargascancinoabogados.com\/web\/mision_vision\/\" class=\" dropdown-item\">Misi\u00f3n, Visi\u00f3n y Valores<\/a><\/ul>\n<\/li>\n<li id=\"menu-item-343\" class=\"menu-item menu-item-type-post_type menu-item-object-page menu-item-343 nav-item elementskit-mobile-builder-content\" data-vertical-menu=750px><a href=\"https:\/\/vargascancinoabogados.com\/web\/areas-de-practica\/\" class=\"ekit-menu-nav-link\"><i class=\"icon before line-icon icon-rocket\" aria-hidden=\"true\" style=\"font-size:1.5em;\"><\/i><span class=\"menu-text\">\u00c1reas de Pr\u00e1ctica<\/span><\/a><\/li>\n<li id=\"menu-item-316\" class=\"menu-item menu-item-type-post_type menu-item-object-page menu-item-316 nav-item elementskit-mobile-builder-content\" data-vertical-menu=750px><a href=\"https:\/\/vargascancinoabogados.com\/web\/directorio\/\" class=\"ekit-menu-nav-link\"><i class=\"icon before line-icon icon-settings\" aria-hidden=\"true\" style=\"font-size:1.5em;\"><\/i><span class=\"menu-text\">Directorio<\/span><\/a><\/li>\n<li id=\"menu-item-336\" class=\"menu-item menu-item-type-post_type menu-item-object-page menu-item-336 nav-item elementskit-mobile-builder-content\" data-vertical-menu=750px><a href=\"https:\/\/vargascancinoabogados.com\/web\/publicaciones\/\" class=\"ekit-menu-nav-link\"><i class=\"icon before line-icon icon-share\" aria-hidden=\"true\" style=\"font-size:1.5em;\"><\/i><span class=\"menu-text\">Publicaciones<\/span><\/a><\/li>\n<li id=\"menu-item-391\" class=\"menu-item menu-item-type-post_type menu-item-object-page menu-item-391 nav-item elementskit-mobile-builder-content\" data-vertical-menu=750px><a href=\"https:\/\/vargascancinoabogados.com\/web\/contactenos\/\" class=\"ekit-menu-nav-link\"><i class=\"icon before line-icon icon-compass\" aria-hidden=\"true\" style=\"font-size:1.5em;\"><\/i><span class=\"menu-text\">Cont\u00e1ctenos<\/span><\/a><\/li>\n<\/ul><div class=\"elementskit-nav-identity-panel\"><a class=\"elementskit-nav-logo\" href=\"https:\/\/vargascancinoabogados.com\/web\" target=\"\" rel=\"\"><img src=\"https:\/\/vargascancinoabogados.com\/web\/wp-content\/uploads\/2020\/11\/favicon.png\" title=\"favicon\" alt=\"favicon\" decoding=\"async\" \/><\/a><button class=\"elementskit-menu-close elementskit-menu-toggler\" type=\"button\">X<\/button><\/div><\/div>\n\t\t\t<div class=\"elementskit-menu-overlay elementskit-menu-offcanvas-elements elementskit-menu-toggler ekit-nav-menu--overlay\"><\/div>        <\/nav>\n\t\t\t\t\t\t<\/div>\n\t\t\t\t<\/div>\n\t\t\t\t\t<\/div>\n\t\t<\/div>\n\t\t\t\t\t<\/div>\n\t\t<\/section>\n\t\t\t\t<section class=\"elementor-section elementor-top-section elementor-element elementor-element-6125616 elementor-section-boxed elementor-section-height-default elementor-section-height-default\" data-id=\"6125616\" data-element_type=\"section\" data-e-type=\"section\">\n\t\t\t\t\t\t<div class=\"elementor-container elementor-column-gap-default\">\n\t\t\t\t\t<div class=\"elementor-column elementor-col-50 elementor-top-column elementor-element elementor-element-18e2c87\" data-id=\"18e2c87\" data-element_type=\"column\" data-e-type=\"column\">\n\t\t\t<div class=\"elementor-widget-wrap elementor-element-populated\">\n\t\t\t\t\t\t<div class=\"elementor-element elementor-element-ffc6e76 ekit-equal-height-enable elementor-widget elementor-widget-elementskit-image-box\" data-id=\"ffc6e76\" data-element_type=\"widget\" data-e-type=\"widget\" data-widget_type=\"elementskit-image-box.default\">\n\t\t\t\t<div class=\"elementor-widget-container\">\n\t\t\t\t\t<div class=\"ekit-wid-con\" >\n            <div class=\"elementskit-info-image-box ekit-image-box text-center shadow-line\" >\n\n                <a href=\"https:\/\/www.calendarr.com\/peru\/calendario-2026\/\">\n                <div class=\"elementskit-box-header image-box-img-center\">\n\n                    <img decoding=\"async\" src=\"https:\/\/vargascancinoabogados.com\/web\/wp-content\/uploads\/elementor\/thumbs\/Almanaque2026-rj55ppzs3gt41cav85ceycb50z9nqa1adg0lhd9gzk.jpg\" title=\"Almanaque2026\" alt=\"Almanaque 2026\" loading=\"lazy\" \/>\n                <\/div>\n                <\/a>\n                <div class=\"elementskit-box-body ekit-image-box-body\">\n                    <div class=\"elementskit-box-content ekit-image-box-body-inner\">\n                                                <h3 class=\"elementskit-info-box-title\">\n\n                        Calcular d\u00edas h\u00e1biles\n                        \n                    <\/h3>\n                                                        <\/div>\n\n                                <div class=\"elementskit-box-footer\">\n                    <div class=\"box-footer\">\n                        <div class=\"btn-wraper\">\n                                                            <a href=\"https:\/\/www.gob.pe\/8283-calcular-dias-habiles-o-calendario\" target=\"_blank\" class=\"elementskit-btn whitespace--normal\">\n                                    \n                                    <i aria-hidden=\"true\" class=\"far fa-calendar-alt\"><\/i>\n                                    Ver Calendario                                <\/a>\n                                                        <\/div>\n                    <\/div>\n                <\/div>\n                            <\/div>\n            <\/div>\n    <\/div>\t\t\t\t<\/div>\n\t\t\t\t<\/div>\n\t\t\t\t\t<\/div>\n\t\t<\/div>\n\t\t\t\t<div class=\"elementor-column elementor-col-50 elementor-top-column elementor-element elementor-element-9fe5afd\" data-id=\"9fe5afd\" data-element_type=\"column\" data-e-type=\"column\">\n\t\t\t<div class=\"elementor-widget-wrap elementor-element-populated\">\n\t\t\t\t\t\t<div class=\"elementor-element elementor-element-3f02d28 elementor-widget elementor-widget-html\" data-id=\"3f02d28\" data-element_type=\"widget\" data-e-type=\"widget\" data-widget_type=\"html.default\">\n\t\t\t\t<div class=\"elementor-widget-container\">\n\t\t\t\t\t<iframe width=\"560\" height=\"315\" src=\"https:\/\/www.youtube.com\/embed\/fOA3bIGzfU0\" frameborder=\"0\" allow=\"accelerometer; autoplay; clipboard-write; encrypted-media; gyroscope; picture-in-picture\" allowfullscreen><\/iframe>\t\t\t\t<\/div>\n\t\t\t\t<\/div>\n\t\t\t\t\t<\/div>\n\t\t<\/div>\n\t\t\t\t\t<\/div>\n\t\t<\/section>\n\t\t\t\t<section class=\"elementor-section elementor-top-section elementor-element elementor-element-2b7725f elementor-section-full_width elementor-section-height-default elementor-section-height-default\" data-id=\"2b7725f\" data-element_type=\"section\" data-e-type=\"section\" data-settings=\"{&quot;background_background&quot;:&quot;classic&quot;,&quot;shape_divider_top&quot;:&quot;arrow&quot;}\">\n\t\t\t\t\t<div class=\"elementor-shape elementor-shape-top\" aria-hidden=\"true\" data-negative=\"false\">\n\t\t\t<svg xmlns=\"http:\/\/www.w3.org\/2000\/svg\" viewBox=\"0 0 700 10\" preserveAspectRatio=\"none\">\n\t<path class=\"elementor-shape-fill\" d=\"M350,10L340,0h20L350,10z\"\/>\n<\/svg>\t\t<\/div>\n\t\t\t\t\t<div class=\"elementor-container elementor-column-gap-default\">\n\t\t\t\t\t<div class=\"elementor-column elementor-col-33 elementor-top-column elementor-element elementor-element-2f830fd\" data-id=\"2f830fd\" data-element_type=\"column\" data-e-type=\"column\">\n\t\t\t<div class=\"elementor-widget-wrap elementor-element-populated\">\n\t\t\t\t\t\t<div class=\"elementor-element elementor-element-fe62ce6 elementor-position-left elementor-vertical-align-top elementor-widget elementor-widget-image-box\" data-id=\"fe62ce6\" data-element_type=\"widget\" data-e-type=\"widget\" data-widget_type=\"image-box.default\">\n\t\t\t\t<div class=\"elementor-widget-container\">\n\t\t\t\t\t<div class=\"elementor-image-box-wrapper\"><figure class=\"elementor-image-box-img\"><img decoding=\"async\" src=\"https:\/\/vargascancinoabogados.com\/web\/wp-content\/uploads\/elementor\/thumbs\/logo-oz8gv9t2857ebg14arae0o9h6is3kp9p67fkture5w.png\" title=\"logo\" alt=\"logo\" loading=\"lazy\" \/><\/figure><div class=\"elementor-image-box-content\"><h4 class=\"elementor-image-box-title\">\u00a9Copyright 2024 | Todos los derechos reservados<\/h4><\/div><\/div>\t\t\t\t<\/div>\n\t\t\t\t<\/div>\n\t\t\t\t\t<\/div>\n\t\t<\/div>\n\t\t\t\t<div class=\"elementor-column elementor-col-33 elementor-top-column elementor-element elementor-element-e135d1c\" data-id=\"e135d1c\" data-element_type=\"column\" data-e-type=\"column\">\n\t\t\t<div class=\"elementor-widget-wrap\">\n\t\t\t\t\t\t\t<\/div>\n\t\t<\/div>\n\t\t\t\t<div class=\"elementor-column elementor-col-33 elementor-top-column elementor-element elementor-element-21c72dd\" data-id=\"21c72dd\" data-element_type=\"column\" data-e-type=\"column\">\n\t\t\t<div class=\"elementor-widget-wrap\">\n\t\t\t\t\t\t\t<\/div>\n\t\t<\/div>\n\t\t\t\t\t<\/div>\n\t\t<\/section>\n\t\t\t\t<\/div>\n\t\t","protected":false},"excerpt":{"rendered":"<p>Inicio Nosotros \u00bfQui\u00e9nes Somos? Misi\u00f3n, Visi\u00f3n y Valores \u00c1reas de Pr\u00e1ctica Directorio Publicaciones Cont\u00e1ctenos X Calcular d\u00edas h\u00e1biles Ver Calendario \u00a9Copyright 2024 | Todos los derechos reservados<\/p>\n","protected":false},"author":1,"featured_media":0,"parent":0,"menu_order":0,"comment_status":"closed","ping_status":"closed","template":"","meta":{"ocean_post_layout":"full-screen","ocean_both_sidebars_style":"","ocean_both_sidebars_content_width":0,"ocean_both_sidebars_sidebars_width":0,"ocean_sidebar":"0","ocean_second_sidebar":"0","ocean_disable_margins":"enable","ocean_add_body_class":"","ocean_shortcode_before_top_bar":"","ocean_shortcode_after_top_bar":"","ocean_shortcode_before_header":"","ocean_shortcode_after_header":"","ocean_has_shortcode":"","ocean_shortcode_after_title":"","ocean_shortcode_before_footer_widgets":"","ocean_shortcode_after_footer_widgets":"","ocean_shortcode_before_footer_bottom":"","ocean_shortcode_after_footer_bottom":"","ocean_display_top_bar":"off","ocean_display_header":"off","ocean_header_style":"","ocean_center_header_left_menu":"0","ocean_custom_header_template":"0","ocean_custom_logo":0,"ocean_custom_retina_logo":0,"ocean_custom_logo_max_width":0,"ocean_custom_logo_tablet_max_width":0,"ocean_custom_logo_mobile_max_width":0,"ocean_custom_logo_max_height":0,"ocean_custom_logo_tablet_max_height":0,"ocean_custom_logo_mobile_max_height":0,"ocean_header_custom_menu":"0","ocean_menu_typo_font_family":"0","ocean_menu_typo_font_subset":"","ocean_menu_typo_font_size":0,"ocean_menu_typo_font_size_tablet":0,"ocean_menu_typo_font_size_mobile":0,"ocean_menu_typo_font_size_unit":"px","ocean_menu_typo_font_weight":"","ocean_menu_typo_font_weight_tablet":"","ocean_menu_typo_font_weight_mobile":"","ocean_menu_typo_transform":"","ocean_menu_typo_transform_tablet":"","ocean_menu_typo_transform_mobile":"","ocean_menu_typo_line_height":0,"ocean_menu_typo_line_height_tablet":0,"ocean_menu_typo_line_height_mobile":0,"ocean_menu_typo_line_height_unit":"","ocean_menu_typo_spacing":0,"ocean_menu_typo_spacing_tablet":0,"ocean_menu_typo_spacing_mobile":0,"ocean_menu_typo_spacing_unit":"","ocean_menu_link_color":"","ocean_menu_link_color_hover":"","ocean_menu_link_color_active":"","ocean_menu_link_background":"","ocean_menu_link_hover_background":"","ocean_menu_link_active_background":"","ocean_menu_social_links_bg":"","ocean_menu_social_hover_links_bg":"","ocean_menu_social_links_color":"","ocean_menu_social_hover_links_color":"","ocean_disable_title":"on","ocean_disable_heading":"default","ocean_post_title":"","ocean_post_subheading":"","ocean_post_title_style":"","ocean_post_title_background_color":"","ocean_post_title_background":0,"ocean_post_title_bg_image_position":"","ocean_post_title_bg_image_attachment":"","ocean_post_title_bg_image_repeat":"","ocean_post_title_bg_image_size":"","ocean_post_title_height":0,"ocean_post_title_bg_overlay":0.5,"ocean_post_title_bg_overlay_color":"","ocean_disable_breadcrumbs":"default","ocean_breadcrumbs_color":"","ocean_breadcrumbs_separator_color":"","ocean_breadcrumbs_links_color":"","ocean_breadcrumbs_links_hover_color":"","ocean_display_footer_widgets":"off","ocean_display_footer_bottom":"off","ocean_custom_footer_template":"0","footnotes":""},"class_list":["post-335","page","type-page","status-publish","hentry","entry"],"yoast_head":"<!-- This site is optimized with the Yoast SEO plugin v27.4 - https:\/\/yoast.com\/product\/yoast-seo-wordpress\/ -->\n<title>Publicaciones - Estudio Vargas Cancino &amp; Abogados<\/title>\n<meta name=\"robots\" content=\"index, follow, max-snippet:-1, max-image-preview:large, max-video-preview:-1\" \/>\n<link rel=\"canonical\" href=\"https:\/\/vargascancinoabogados.com\/web\/publicaciones\/\" \/>\n<meta property=\"og:locale\" content=\"es_ES\" \/>\n<meta property=\"og:type\" content=\"article\" \/>\n<meta property=\"og:title\" content=\"Publicaciones - Estudio Vargas Cancino &amp; Abogados\" \/>\n<meta property=\"og:description\" content=\"Inicio Nosotros \u00bfQui\u00e9nes Somos? Misi\u00f3n, Visi\u00f3n y Valores \u00c1reas de Pr\u00e1ctica Directorio Publicaciones Cont\u00e1ctenos X Calcular d\u00edas h\u00e1biles Ver Calendario \u00a9Copyright 2024 | Todos los derechos reservados\" \/>\n<meta property=\"og:url\" content=\"https:\/\/vargascancinoabogados.com\/web\/publicaciones\/\" \/>\n<meta property=\"og:site_name\" content=\"Estudio Vargas Cancino &amp; Abogados\" \/>\n<meta property=\"article:modified_time\" content=\"2026-02-14T12:45:30+00:00\" \/>\n<meta property=\"og:image\" content=\"https:\/\/vargascancinoabogados.com\/web\/wp-content\/uploads\/elementor\/thumbs\/Bannerp1-oz249zmxhwocgc42uvu3tdxi8fowk6yk7u0gshwtts.jpg\" \/>\n<meta name=\"twitter:card\" content=\"summary_large_image\" \/>\n<meta name=\"twitter:label1\" content=\"Tiempo de lectura\" \/>\n\t<meta name=\"twitter:data1\" content=\"2 minutos\" \/>\n<script type=\"application\/ld+json\" class=\"yoast-schema-graph\">{\"@context\":\"https:\\\/\\\/schema.org\",\"@graph\":[{\"@type\":\"WebPage\",\"@id\":\"https:\\\/\\\/vargascancinoabogados.com\\\/web\\\/publicaciones\\\/\",\"url\":\"https:\\\/\\\/vargascancinoabogados.com\\\/web\\\/publicaciones\\\/\",\"name\":\"Publicaciones - Estudio Vargas Cancino &amp; Abogados\",\"isPartOf\":{\"@id\":\"https:\\\/\\\/vargascancinoabogados.com\\\/web\\\/#website\"},\"primaryImageOfPage\":{\"@id\":\"https:\\\/\\\/vargascancinoabogados.com\\\/web\\\/publicaciones\\\/#primaryimage\"},\"image\":{\"@id\":\"https:\\\/\\\/vargascancinoabogados.com\\\/web\\\/publicaciones\\\/#primaryimage\"},\"thumbnailUrl\":\"https:\\\/\\\/vargascancinoabogados.com\\\/web\\\/wp-content\\\/uploads\\\/elementor\\\/thumbs\\\/Bannerp1-oz249zmxhwocgc42uvu3tdxi8fowk6yk7u0gshwtts.jpg\",\"datePublished\":\"2020-12-17T14:35:15+00:00\",\"dateModified\":\"2026-02-14T12:45:30+00:00\",\"breadcrumb\":{\"@id\":\"https:\\\/\\\/vargascancinoabogados.com\\\/web\\\/publicaciones\\\/#breadcrumb\"},\"inLanguage\":\"es\",\"potentialAction\":[{\"@type\":\"ReadAction\",\"target\":[\"https:\\\/\\\/vargascancinoabogados.com\\\/web\\\/publicaciones\\\/\"]}]},{\"@type\":\"ImageObject\",\"inLanguage\":\"es\",\"@id\":\"https:\\\/\\\/vargascancinoabogados.com\\\/web\\\/publicaciones\\\/#primaryimage\",\"url\":\"https:\\\/\\\/vargascancinoabogados.com\\\/web\\\/wp-content\\\/uploads\\\/elementor\\\/thumbs\\\/Bannerp1-oz249zmxhwocgc42uvu3tdxi8fowk6yk7u0gshwtts.jpg\",\"contentUrl\":\"https:\\\/\\\/vargascancinoabogados.com\\\/web\\\/wp-content\\\/uploads\\\/elementor\\\/thumbs\\\/Bannerp1-oz249zmxhwocgc42uvu3tdxi8fowk6yk7u0gshwtts.jpg\"},{\"@type\":\"BreadcrumbList\",\"@id\":\"https:\\\/\\\/vargascancinoabogados.com\\\/web\\\/publicaciones\\\/#breadcrumb\",\"itemListElement\":[{\"@type\":\"ListItem\",\"position\":1,\"name\":\"Portada\",\"item\":\"https:\\\/\\\/vargascancinoabogados.com\\\/web\\\/\"},{\"@type\":\"ListItem\",\"position\":2,\"name\":\"Publicaciones\"}]},{\"@type\":\"WebSite\",\"@id\":\"https:\\\/\\\/vargascancinoabogados.com\\\/web\\\/#website\",\"url\":\"https:\\\/\\\/vargascancinoabogados.com\\\/web\\\/\",\"name\":\"Estudio Vargas Cancino &amp; Abogados\",\"description\":\"Estudio de Abogados VARGAS CANCINO con amplia experiencia en el campo laboral, constitucional, administrativo, tributario y empresarial\",\"potentialAction\":[{\"@type\":\"SearchAction\",\"target\":{\"@type\":\"EntryPoint\",\"urlTemplate\":\"https:\\\/\\\/vargascancinoabogados.com\\\/web\\\/?s={search_term_string}\"},\"query-input\":{\"@type\":\"PropertyValueSpecification\",\"valueRequired\":true,\"valueName\":\"search_term_string\"}}],\"inLanguage\":\"es\"}]}<\/script>\n<!-- \/ Yoast SEO plugin. -->","yoast_head_json":{"title":"Publicaciones - Estudio Vargas Cancino &amp; Abogados","robots":{"index":"index","follow":"follow","max-snippet":"max-snippet:-1","max-image-preview":"max-image-preview:large","max-video-preview":"max-video-preview:-1"},"canonical":"https:\/\/vargascancinoabogados.com\/web\/publicaciones\/","og_locale":"es_ES","og_type":"article","og_title":"Publicaciones - Estudio Vargas Cancino &amp; Abogados","og_description":"Inicio Nosotros \u00bfQui\u00e9nes Somos? Misi\u00f3n, Visi\u00f3n y Valores \u00c1reas de Pr\u00e1ctica Directorio Publicaciones Cont\u00e1ctenos X Calcular d\u00edas h\u00e1biles Ver Calendario \u00a9Copyright 2024 | Todos los derechos reservados","og_url":"https:\/\/vargascancinoabogados.com\/web\/publicaciones\/","og_site_name":"Estudio Vargas Cancino &amp; Abogados","article_modified_time":"2026-02-14T12:45:30+00:00","og_image":[{"url":"https:\/\/vargascancinoabogados.com\/web\/wp-content\/uploads\/elementor\/thumbs\/Bannerp1-oz249zmxhwocgc42uvu3tdxi8fowk6yk7u0gshwtts.jpg","type":"","width":"","height":""}],"twitter_card":"summary_large_image","twitter_misc":{"Tiempo de lectura":"2 minutos"},"schema":{"@context":"https:\/\/schema.org","@graph":[{"@type":"WebPage","@id":"https:\/\/vargascancinoabogados.com\/web\/publicaciones\/","url":"https:\/\/vargascancinoabogados.com\/web\/publicaciones\/","name":"Publicaciones - Estudio Vargas Cancino &amp; Abogados","isPartOf":{"@id":"https:\/\/vargascancinoabogados.com\/web\/#website"},"primaryImageOfPage":{"@id":"https:\/\/vargascancinoabogados.com\/web\/publicaciones\/#primaryimage"},"image":{"@id":"https:\/\/vargascancinoabogados.com\/web\/publicaciones\/#primaryimage"},"thumbnailUrl":"https:\/\/vargascancinoabogados.com\/web\/wp-content\/uploads\/elementor\/thumbs\/Bannerp1-oz249zmxhwocgc42uvu3tdxi8fowk6yk7u0gshwtts.jpg","datePublished":"2020-12-17T14:35:15+00:00","dateModified":"2026-02-14T12:45:30+00:00","breadcrumb":{"@id":"https:\/\/vargascancinoabogados.com\/web\/publicaciones\/#breadcrumb"},"inLanguage":"es","potentialAction":[{"@type":"ReadAction","target":["https:\/\/vargascancinoabogados.com\/web\/publicaciones\/"]}]},{"@type":"ImageObject","inLanguage":"es","@id":"https:\/\/vargascancinoabogados.com\/web\/publicaciones\/#primaryimage","url":"https:\/\/vargascancinoabogados.com\/web\/wp-content\/uploads\/elementor\/thumbs\/Bannerp1-oz249zmxhwocgc42uvu3tdxi8fowk6yk7u0gshwtts.jpg","contentUrl":"https:\/\/vargascancinoabogados.com\/web\/wp-content\/uploads\/elementor\/thumbs\/Bannerp1-oz249zmxhwocgc42uvu3tdxi8fowk6yk7u0gshwtts.jpg"},{"@type":"BreadcrumbList","@id":"https:\/\/vargascancinoabogados.com\/web\/publicaciones\/#breadcrumb","itemListElement":[{"@type":"ListItem","position":1,"name":"Portada","item":"https:\/\/vargascancinoabogados.com\/web\/"},{"@type":"ListItem","position":2,"name":"Publicaciones"}]},{"@type":"WebSite","@id":"https:\/\/vargascancinoabogados.com\/web\/#website","url":"https:\/\/vargascancinoabogados.com\/web\/","name":"Estudio Vargas Cancino &amp; Abogados","description":"Estudio de Abogados VARGAS CANCINO con amplia experiencia en el campo laboral, constitucional, administrativo, tributario y empresarial","potentialAction":[{"@type":"SearchAction","target":{"@type":"EntryPoint","urlTemplate":"https:\/\/vargascancinoabogados.com\/web\/?s={search_term_string}"},"query-input":{"@type":"PropertyValueSpecification","valueRequired":true,"valueName":"search_term_string"}}],"inLanguage":"es"}]}},"_links":{"self":[{"href":"https:\/\/vargascancinoabogados.com\/web\/wp-json\/wp\/v2\/pages\/335","targetHints":{"allow":["GET"]}}],"collection":[{"href":"https:\/\/vargascancinoabogados.com\/web\/wp-json\/wp\/v2\/pages"}],"about":[{"href":"https:\/\/vargascancinoabogados.com\/web\/wp-json\/wp\/v2\/types\/page"}],"author":[{"embeddable":true,"href":"https:\/\/vargascancinoabogados.com\/web\/wp-json\/wp\/v2\/users\/1"}],"replies":[{"embeddable":true,"href":"https:\/\/vargascancinoabogados.com\/web\/wp-json\/wp\/v2\/comments?post=335"}],"version-history":[{"count":83,"href":"https:\/\/vargascancinoabogados.com\/web\/wp-json\/wp\/v2\/pages\/335\/revisions"}],"predecessor-version":[{"id":868,"href":"https:\/\/vargascancinoabogados.com\/web\/wp-json\/wp\/v2\/pages\/335\/revisions\/868"}],"wp:attachment":[{"href":"https:\/\/vargascancinoabogados.com\/web\/wp-json\/wp\/v2\/media?parent=335"}],"curies":[{"name":"wp","href":"https:\/\/api.w.org\/{rel}","templated":true}]}}